{"id":340,"date":"2019-07-29T20:36:40","date_gmt":"2019-07-29T17:36:40","guid":{"rendered":"https:\/\/truvakalip.com.tr\/talasli-imalat\/"},"modified":"2024-04-09T18:56:23","modified_gmt":"2024-04-09T15:56:23","slug":"machining","status":"publish","type":"page","link":"https:\/\/truvakalip.com.tr\/en\/machining\/","title":{"rendered":"MACHINING"},"content":{"rendered":"\n<style type=\"text\/css\" data-created_by=\"avia_inline_auto\" id=\"style-css-av-av_one_full-1e26125d131ba13f1accaa8241be1528\">\n.flex_column.av-av_one_full-1e26125d131ba13f1accaa8241be1528{\nborder-radius:0px 0px 0px 0px;\npadding:0px 0px 0px 0px;\n}\n<\/style>\n<div  class='flex_column av-av_one_full-1e26125d131ba13f1accaa8241be1528 av_one_full  avia-builder-el-0  avia-builder-el-no-sibling  first flex_column_div av-zero-column-padding  '     ><style type=\"text\/css\" data-created_by=\"avia_inline_auto\" id=\"style-css-av-jyylj5oz-0fe7cd0a75e4c2522e88480ad1a5913a\">\n#top .avia-gallery.av-jyylj5oz-0fe7cd0a75e4c2522e88480ad1a5913a .avia-gallery-thumb a{\nwidth:16.6667%;\n}\n<\/style>\n<div  class='avia-gallery av-jyylj5oz-0fe7cd0a75e4c2522e88480ad1a5913a avia_animate_when_visible  avia-builder-el-1  avia-builder-el-no-sibling  avia_lazyload av-slideshow-ui av-loop-manual-endless av-control-hidden av-navigate-arrows av-navigate-dots hover-effect av-control-hidden avia-gallery-animate avia-gallery-1'  itemprop=\"image\" itemscope=\"itemscope\" itemtype=\"https:\/\/schema.org\/ImageObject\" ><meta itemprop=\"contentURL\" content=\"https:\/\/truvakalip.com.tr\/en\/machining\/\"><div class='avia-gallery-big-wrapper'><a class='avia-gallery-big fakeLightbox lightbox avia-gallery-big-crop-thumb ' href=\"https:\/\/truvakalip.com.tr\/wp-content\/uploads\/2019\/08\/talasslimalat-1.jpg\" data-srcset=\"https:\/\/truvakalip.com.tr\/wp-content\/uploads\/2019\/08\/talasslimalat-1.jpg 900w, https:\/\/truvakalip.com.tr\/wp-content\/uploads\/2019\/08\/talasslimalat-1-300x200.jpg 300w, https:\/\/truvakalip.com.tr\/wp-content\/uploads\/2019\/08\/talasslimalat-1-768x512.jpg 768w, https:\/\/truvakalip.com.tr\/wp-content\/uploads\/2019\/08\/talasslimalat-1-705x470.jpg 705w, https:\/\/truvakalip.com.tr\/wp-content\/uploads\/2019\/08\/talasslimalat-1-450x300.jpg 450w\" data-sizes=\"(max-width: 900px) 100vw, 900px\"  data-onclick='1' title='Tala\u015fl\u0131 \u0130malat' ><span class='avia-gallery-big-inner'  itemprop=\"thumbnailUrl\" ><img decoding=\"async\" fetchpriority=\"high\" class=\"wp-image-346 avia-img-lazy-loading-not-346\"  width=\"900\" height=\"600\" src=\"https:\/\/truvakalip.com.tr\/wp-content\/uploads\/2019\/08\/talasslimalat-1.jpg\" title='Tala\u015fl\u0131 \u0130malat' alt='' srcset=\"https:\/\/truvakalip.com.tr\/wp-content\/uploads\/2019\/08\/talasslimalat-1.jpg 900w, https:\/\/truvakalip.com.tr\/wp-content\/uploads\/2019\/08\/talasslimalat-1-300x200.jpg 300w, https:\/\/truvakalip.com.tr\/wp-content\/uploads\/2019\/08\/talasslimalat-1-768x512.jpg 768w, https:\/\/truvakalip.com.tr\/wp-content\/uploads\/2019\/08\/talasslimalat-1-705x470.jpg 705w, https:\/\/truvakalip.com.tr\/wp-content\/uploads\/2019\/08\/talasslimalat-1-450x300.jpg 450w\" sizes=\"(max-width: 900px) 100vw, 900px\" \/><\/span><\/a><\/div><div class='avia-gallery-thumb'><a href=\"https:\/\/truvakalip.com.tr\/wp-content\/uploads\/2019\/08\/talasslimalat-1.jpg\" data-srcset=\"https:\/\/truvakalip.com.tr\/wp-content\/uploads\/2019\/08\/talasslimalat-1.jpg 900w, https:\/\/truvakalip.com.tr\/wp-content\/uploads\/2019\/08\/talasslimalat-1-300x200.jpg 300w, https:\/\/truvakalip.com.tr\/wp-content\/uploads\/2019\/08\/talasslimalat-1-768x512.jpg 768w, https:\/\/truvakalip.com.tr\/wp-content\/uploads\/2019\/08\/talasslimalat-1-705x470.jpg 705w, https:\/\/truvakalip.com.tr\/wp-content\/uploads\/2019\/08\/talasslimalat-1-450x300.jpg 450w\" data-sizes=\"(max-width: 900px) 100vw, 900px\" data-rel='gallery-1' data-prev-img='https:\/\/truvakalip.com.tr\/wp-content\/uploads\/2019\/08\/talasslimalat-1.jpg' class='first_thumb lightbox ' data-onclick='1' title='Tala\u015fl\u0131 \u0130malat'  itemprop=\"thumbnailUrl\"  ><img decoding=\"async\" fetchpriority=\"high\" class=\"wp-image-346 avia-img-lazy-loading-not-346\"   src=\"https:\/\/truvakalip.com.tr\/wp-content\/uploads\/2019\/08\/talasslimalat-1-495x400.jpg\" width=\"495\" height=\"400\"  title='Tala\u015fl\u0131 \u0130malat' alt='' \/><div class='big-prev-fake'><img decoding=\"async\" loading=\"lazy\" class=\"wp-image-346 avia-img-lazy-loading-346\"  width=\"900\" height=\"600\" src=\"https:\/\/truvakalip.com.tr\/wp-content\/uploads\/2019\/08\/talasslimalat-1.jpg\" title='Tala\u015fl\u0131 \u0130malat' alt='' srcset=\"https:\/\/truvakalip.com.tr\/wp-content\/uploads\/2019\/08\/talasslimalat-1.jpg 900w, https:\/\/truvakalip.com.tr\/wp-content\/uploads\/2019\/08\/talasslimalat-1-300x200.jpg 300w, https:\/\/truvakalip.com.tr\/wp-content\/uploads\/2019\/08\/talasslimalat-1-768x512.jpg 768w, https:\/\/truvakalip.com.tr\/wp-content\/uploads\/2019\/08\/talasslimalat-1-705x470.jpg 705w, https:\/\/truvakalip.com.tr\/wp-content\/uploads\/2019\/08\/talasslimalat-1-450x300.jpg 450w\" sizes=\"auto, (max-width: 900px) 100vw, 900px\" \/><\/div><\/a><a href=\"https:\/\/truvakalip.com.tr\/wp-content\/uploads\/2019\/07\/talasli-imalat.jpg\" data-srcset=\"https:\/\/truvakalip.com.tr\/wp-content\/uploads\/2019\/07\/talasli-imalat.jpg 900w, https:\/\/truvakalip.com.tr\/wp-content\/uploads\/2019\/07\/talasli-imalat-80x80.jpg 80w, https:\/\/truvakalip.com.tr\/wp-content\/uploads\/2019\/07\/talasli-imalat-300x300.jpg 300w, https:\/\/truvakalip.com.tr\/wp-content\/uploads\/2019\/07\/talasli-imalat-768x768.jpg 768w, https:\/\/truvakalip.com.tr\/wp-content\/uploads\/2019\/07\/talasli-imalat-36x36.jpg 36w, https:\/\/truvakalip.com.tr\/wp-content\/uploads\/2019\/07\/talasli-imalat-180x180.jpg 180w, https:\/\/truvakalip.com.tr\/wp-content\/uploads\/2019\/07\/talasli-imalat-705x705.jpg 705w, https:\/\/truvakalip.com.tr\/wp-content\/uploads\/2019\/07\/talasli-imalat-120x120.jpg 120w, https:\/\/truvakalip.com.tr\/wp-content\/uploads\/2019\/07\/talasli-imalat-450x450.jpg 450w\" data-sizes=\"(max-width: 900px) 100vw, 900px\" data-rel='gallery-1' data-prev-img='https:\/\/truvakalip.com.tr\/wp-content\/uploads\/2019\/07\/talasli-imalat.jpg' class='lightbox ' data-onclick='2' title='Truva Kal\u0131p Tala\u015fl\u0131 \u0130malat'  itemprop=\"thumbnailUrl\"  ><img decoding=\"async\" fetchpriority=\"high\" class=\"wp-image-80 avia-img-lazy-loading-not-80\"   src=\"https:\/\/truvakalip.com.tr\/wp-content\/uploads\/2019\/07\/talasli-imalat-495x400.jpg\" width=\"495\" height=\"400\"  title='Truva Kal\u0131p Tala\u015fl\u0131 \u0130malat' alt='Truva Kal\u0131p Tala\u015fl\u0131 \u0130malat' srcset=\"https:\/\/truvakalip.com.tr\/wp-content\/uploads\/2019\/07\/talasli-imalat-495x400.jpg 495w, https:\/\/truvakalip.com.tr\/wp-content\/uploads\/2019\/07\/talasli-imalat-845x684.jpg 845w\" sizes=\"(max-width: 495px) 100vw, 495px\" \/><div class='big-prev-fake'><img decoding=\"async\" loading=\"lazy\" class=\"wp-image-80 avia-img-lazy-loading-80\"  width=\"900\" height=\"900\" src=\"https:\/\/truvakalip.com.tr\/wp-content\/uploads\/2019\/07\/talasli-imalat.jpg\" title='Truva Kal\u0131p Tala\u015fl\u0131 \u0130malat' alt='Truva Kal\u0131p Tala\u015fl\u0131 \u0130malat' srcset=\"https:\/\/truvakalip.com.tr\/wp-content\/uploads\/2019\/07\/talasli-imalat.jpg 900w, https:\/\/truvakalip.com.tr\/wp-content\/uploads\/2019\/07\/talasli-imalat-80x80.jpg 80w, https:\/\/truvakalip.com.tr\/wp-content\/uploads\/2019\/07\/talasli-imalat-300x300.jpg 300w, https:\/\/truvakalip.com.tr\/wp-content\/uploads\/2019\/07\/talasli-imalat-768x768.jpg 768w, https:\/\/truvakalip.com.tr\/wp-content\/uploads\/2019\/07\/talasli-imalat-36x36.jpg 36w, https:\/\/truvakalip.com.tr\/wp-content\/uploads\/2019\/07\/talasli-imalat-180x180.jpg 180w, https:\/\/truvakalip.com.tr\/wp-content\/uploads\/2019\/07\/talasli-imalat-705x705.jpg 705w, https:\/\/truvakalip.com.tr\/wp-content\/uploads\/2019\/07\/talasli-imalat-120x120.jpg 120w, https:\/\/truvakalip.com.tr\/wp-content\/uploads\/2019\/07\/talasli-imalat-450x450.jpg 450w\" sizes=\"auto, (max-width: 900px) 100vw, 900px\" \/><\/div><\/a><a href=\"https:\/\/truvakalip.com.tr\/wp-content\/uploads\/2019\/08\/talaslimalat1.jpg\" data-srcset=\"https:\/\/truvakalip.com.tr\/wp-content\/uploads\/2019\/08\/talaslimalat1.jpg 900w, https:\/\/truvakalip.com.tr\/wp-content\/uploads\/2019\/08\/talaslimalat1-300x200.jpg 300w, https:\/\/truvakalip.com.tr\/wp-content\/uploads\/2019\/08\/talaslimalat1-768x512.jpg 768w, https:\/\/truvakalip.com.tr\/wp-content\/uploads\/2019\/08\/talaslimalat1-705x470.jpg 705w, https:\/\/truvakalip.com.tr\/wp-content\/uploads\/2019\/08\/talaslimalat1-450x300.jpg 450w\" data-sizes=\"(max-width: 900px) 100vw, 900px\" data-rel='gallery-1' data-prev-img='https:\/\/truvakalip.com.tr\/wp-content\/uploads\/2019\/08\/talaslimalat1.jpg' class='lightbox ' data-onclick='3' title='Tala\u015fl\u0131 \u0130malat'  itemprop=\"thumbnailUrl\"  ><img decoding=\"async\" fetchpriority=\"high\" class=\"wp-image-345 avia-img-lazy-loading-not-345\"   src=\"https:\/\/truvakalip.com.tr\/wp-content\/uploads\/2019\/08\/talaslimalat1-495x400.jpg\" width=\"495\" height=\"400\"  title='Tala\u015fl\u0131 \u0130malat' alt='' \/><div class='big-prev-fake'><img decoding=\"async\" loading=\"lazy\" class=\"wp-image-345 avia-img-lazy-loading-345\"  width=\"900\" height=\"600\" src=\"https:\/\/truvakalip.com.tr\/wp-content\/uploads\/2019\/08\/talaslimalat1.jpg\" title='Tala\u015fl\u0131 \u0130malat' alt='' srcset=\"https:\/\/truvakalip.com.tr\/wp-content\/uploads\/2019\/08\/talaslimalat1.jpg 900w, https:\/\/truvakalip.com.tr\/wp-content\/uploads\/2019\/08\/talaslimalat1-300x200.jpg 300w, https:\/\/truvakalip.com.tr\/wp-content\/uploads\/2019\/08\/talaslimalat1-768x512.jpg 768w, https:\/\/truvakalip.com.tr\/wp-content\/uploads\/2019\/08\/talaslimalat1-705x470.jpg 705w, https:\/\/truvakalip.com.tr\/wp-content\/uploads\/2019\/08\/talaslimalat1-450x300.jpg 450w\" sizes=\"auto, (max-width: 900px) 100vw, 900px\" \/><\/div><\/a><a href=\"https:\/\/truvakalip.com.tr\/wp-content\/uploads\/2019\/08\/talasli-imalat3.jpg\" data-srcset=\"https:\/\/truvakalip.com.tr\/wp-content\/uploads\/2019\/08\/talasli-imalat3.jpg 900w, https:\/\/truvakalip.com.tr\/wp-content\/uploads\/2019\/08\/talasli-imalat3-300x200.jpg 300w, https:\/\/truvakalip.com.tr\/wp-content\/uploads\/2019\/08\/talasli-imalat3-768x512.jpg 768w, https:\/\/truvakalip.com.tr\/wp-content\/uploads\/2019\/08\/talasli-imalat3-705x470.jpg 705w, https:\/\/truvakalip.com.tr\/wp-content\/uploads\/2019\/08\/talasli-imalat3-450x300.jpg 450w\" data-sizes=\"(max-width: 900px) 100vw, 900px\" data-rel='gallery-1' data-prev-img='https:\/\/truvakalip.com.tr\/wp-content\/uploads\/2019\/08\/talasli-imalat3.jpg' class='lightbox ' data-onclick='4' title='Tala\u015fl\u0131 \u0130malat'  itemprop=\"thumbnailUrl\"  ><img decoding=\"async\" fetchpriority=\"high\" class=\"wp-image-344 avia-img-lazy-loading-not-344\"   src=\"https:\/\/truvakalip.com.tr\/wp-content\/uploads\/2019\/08\/talasli-imalat3-495x400.jpg\" width=\"495\" height=\"400\"  title='Tala\u015fl\u0131 \u0130malat' alt='' \/><div class='big-prev-fake'><img decoding=\"async\" loading=\"lazy\" class=\"wp-image-344 avia-img-lazy-loading-344\"  width=\"900\" height=\"600\" src=\"https:\/\/truvakalip.com.tr\/wp-content\/uploads\/2019\/08\/talasli-imalat3.jpg\" title='Tala\u015fl\u0131 \u0130malat' alt='' srcset=\"https:\/\/truvakalip.com.tr\/wp-content\/uploads\/2019\/08\/talasli-imalat3.jpg 900w, https:\/\/truvakalip.com.tr\/wp-content\/uploads\/2019\/08\/talasli-imalat3-300x200.jpg 300w, https:\/\/truvakalip.com.tr\/wp-content\/uploads\/2019\/08\/talasli-imalat3-768x512.jpg 768w, https:\/\/truvakalip.com.tr\/wp-content\/uploads\/2019\/08\/talasli-imalat3-705x470.jpg 705w, https:\/\/truvakalip.com.tr\/wp-content\/uploads\/2019\/08\/talasli-imalat3-450x300.jpg 450w\" sizes=\"auto, (max-width: 900px) 100vw, 900px\" \/><\/div><\/a><a href=\"https:\/\/truvakalip.com.tr\/wp-content\/uploads\/2019\/08\/talasli-imalat2.jpg\" data-srcset=\"https:\/\/truvakalip.com.tr\/wp-content\/uploads\/2019\/08\/talasli-imalat2.jpg 900w, https:\/\/truvakalip.com.tr\/wp-content\/uploads\/2019\/08\/talasli-imalat2-300x200.jpg 300w, https:\/\/truvakalip.com.tr\/wp-content\/uploads\/2019\/08\/talasli-imalat2-768x512.jpg 768w, https:\/\/truvakalip.com.tr\/wp-content\/uploads\/2019\/08\/talasli-imalat2-705x470.jpg 705w, https:\/\/truvakalip.com.tr\/wp-content\/uploads\/2019\/08\/talasli-imalat2-450x300.jpg 450w\" data-sizes=\"(max-width: 900px) 100vw, 900px\" data-rel='gallery-1' data-prev-img='https:\/\/truvakalip.com.tr\/wp-content\/uploads\/2019\/08\/talasli-imalat2.jpg' class='lightbox ' data-onclick='5' title='Tala\u015fl\u0131 \u0130malat'  itemprop=\"thumbnailUrl\"  ><img decoding=\"async\" fetchpriority=\"high\" class=\"wp-image-341 avia-img-lazy-loading-not-341\"   src=\"https:\/\/truvakalip.com.tr\/wp-content\/uploads\/2019\/08\/talasli-imalat2-495x400.jpg\" width=\"495\" height=\"400\"  title='Tala\u015fl\u0131 \u0130malat' alt='' \/><div class='big-prev-fake'><img decoding=\"async\" loading=\"lazy\" class=\"wp-image-341 avia-img-lazy-loading-341\"  width=\"900\" height=\"600\" src=\"https:\/\/truvakalip.com.tr\/wp-content\/uploads\/2019\/08\/talasli-imalat2.jpg\" title='Tala\u015fl\u0131 \u0130malat' alt='' srcset=\"https:\/\/truvakalip.com.tr\/wp-content\/uploads\/2019\/08\/talasli-imalat2.jpg 900w, https:\/\/truvakalip.com.tr\/wp-content\/uploads\/2019\/08\/talasli-imalat2-300x200.jpg 300w, https:\/\/truvakalip.com.tr\/wp-content\/uploads\/2019\/08\/talasli-imalat2-768x512.jpg 768w, https:\/\/truvakalip.com.tr\/wp-content\/uploads\/2019\/08\/talasli-imalat2-705x470.jpg 705w, https:\/\/truvakalip.com.tr\/wp-content\/uploads\/2019\/08\/talasli-imalat2-450x300.jpg 450w\" sizes=\"auto, (max-width: 900px) 100vw, 900px\" \/><\/div><\/a><a href=\"https:\/\/truvakalip.com.tr\/wp-content\/uploads\/2019\/07\/kalip.jpg\" data-srcset=\"https:\/\/truvakalip.com.tr\/wp-content\/uploads\/2019\/07\/kalip.jpg 900w, https:\/\/truvakalip.com.tr\/wp-content\/uploads\/2019\/07\/kalip-80x80.jpg 80w, https:\/\/truvakalip.com.tr\/wp-content\/uploads\/2019\/07\/kalip-300x300.jpg 300w, https:\/\/truvakalip.com.tr\/wp-content\/uploads\/2019\/07\/kalip-768x768.jpg 768w, https:\/\/truvakalip.com.tr\/wp-content\/uploads\/2019\/07\/kalip-36x36.jpg 36w, https:\/\/truvakalip.com.tr\/wp-content\/uploads\/2019\/07\/kalip-180x180.jpg 180w, https:\/\/truvakalip.com.tr\/wp-content\/uploads\/2019\/07\/kalip-705x705.jpg 705w, https:\/\/truvakalip.com.tr\/wp-content\/uploads\/2019\/07\/kalip-120x120.jpg 120w, https:\/\/truvakalip.com.tr\/wp-content\/uploads\/2019\/07\/kalip-450x450.jpg 450w\" data-sizes=\"(max-width: 900px) 100vw, 900px\" data-rel='gallery-1' data-prev-img='https:\/\/truvakalip.com.tr\/wp-content\/uploads\/2019\/07\/kalip.jpg' class='lightbox ' data-onclick='6' title='Truva Kal\u0131p Kal\u0131p'  itemprop=\"thumbnailUrl\"  ><img decoding=\"async\" fetchpriority=\"high\" class=\"wp-image-86 avia-img-lazy-loading-not-86\"   src=\"https:\/\/truvakalip.com.tr\/wp-content\/uploads\/2019\/07\/kalip-495x400.jpg\" width=\"495\" height=\"400\"  title='Truva Kal\u0131p Kal\u0131p' alt='Truva Kal\u0131p Kal\u0131p' srcset=\"https:\/\/truvakalip.com.tr\/wp-content\/uploads\/2019\/07\/kalip-495x400.jpg 495w, https:\/\/truvakalip.com.tr\/wp-content\/uploads\/2019\/07\/kalip-845x684.jpg 845w\" sizes=\"(max-width: 495px) 100vw, 495px\" \/><div class='big-prev-fake'><img decoding=\"async\" loading=\"lazy\" class=\"wp-image-86 avia-img-lazy-loading-86\"  width=\"900\" height=\"900\" src=\"https:\/\/truvakalip.com.tr\/wp-content\/uploads\/2019\/07\/kalip.jpg\" title='Truva Kal\u0131p Kal\u0131p' alt='Truva Kal\u0131p Kal\u0131p' srcset=\"https:\/\/truvakalip.com.tr\/wp-content\/uploads\/2019\/07\/kalip.jpg 900w, https:\/\/truvakalip.com.tr\/wp-content\/uploads\/2019\/07\/kalip-80x80.jpg 80w, https:\/\/truvakalip.com.tr\/wp-content\/uploads\/2019\/07\/kalip-300x300.jpg 300w, https:\/\/truvakalip.com.tr\/wp-content\/uploads\/2019\/07\/kalip-768x768.jpg 768w, https:\/\/truvakalip.com.tr\/wp-content\/uploads\/2019\/07\/kalip-36x36.jpg 36w, https:\/\/truvakalip.com.tr\/wp-content\/uploads\/2019\/07\/kalip-180x180.jpg 180w, https:\/\/truvakalip.com.tr\/wp-content\/uploads\/2019\/07\/kalip-705x705.jpg 705w, https:\/\/truvakalip.com.tr\/wp-content\/uploads\/2019\/07\/kalip-120x120.jpg 120w, https:\/\/truvakalip.com.tr\/wp-content\/uploads\/2019\/07\/kalip-450x450.jpg 450w\" sizes=\"auto, (max-width: 900px) 100vw, 900px\" \/><\/div><\/a><\/div><\/div><\/div>\n","protected":false},"excerpt":{"rendered":"","protected":false},"author":1,"featured_media":0,"parent":0,"menu_order":8,"comment_status":"closed","ping_status":"closed","template":"","meta":{"footnotes":""},"class_list":["post-340","page","type-page","status-publish","hentry"],"_links":{"self":[{"href":"https:\/\/truvakalip.com.tr\/en\/wp-json\/wp\/v2\/pages\/340","targetHints":{"allow":["GET"]}}],"collection":[{"href":"https:\/\/truvakalip.com.tr\/en\/wp-json\/wp\/v2\/pages"}],"about":[{"href":"https:\/\/truvakalip.com.tr\/en\/wp-json\/wp\/v2\/types\/page"}],"author":[{"embeddable":true,"href":"https:\/\/truvakalip.com.tr\/en\/wp-json\/wp\/v2\/users\/1"}],"replies":[{"embeddable":true,"href":"https:\/\/truvakalip.com.tr\/en\/wp-json\/wp\/v2\/comments?post=340"}],"version-history":[{"count":2,"href":"https:\/\/truvakalip.com.tr\/en\/wp-json\/wp\/v2\/pages\/340\/revisions"}],"predecessor-version":[{"id":343,"href":"https:\/\/truvakalip.com.tr\/en\/wp-json\/wp\/v2\/pages\/340\/revisions\/343"}],"wp:attachment":[{"href":"https:\/\/truvakalip.com.tr\/en\/wp-json\/wp\/v2\/media?parent=340"}],"curies":[{"name":"wp","href":"https:\/\/api.w.org\/{rel}","templated":true}]}}