{"id":477,"date":"2019-07-29T20:33:57","date_gmt":"2019-07-29T17:33:57","guid":{"rendered":"https:\/\/truvakalip.com.tr\/hakkinda\/"},"modified":"2024-04-09T18:53:13","modified_gmt":"2024-04-09T15:53:13","slug":"about","status":"publish","type":"page","link":"https:\/\/truvakalip.com.tr\/en\/about\/","title":{"rendered":"ABOUT"},"content":{"rendered":"\n<style type=\"text\/css\" data-created_by=\"avia_inline_auto\" id=\"style-css-av-1qrfe-1c22bd7c76e80ac09947a124bd557d64\">\n.flex_column.av-1qrfe-1c22bd7c76e80ac09947a124bd557d64{\nborder-radius:0px 0px 0px 0px;\npadding:0px 0px 0px 0px;\n}\n<\/style>\n<div  class='flex_column av-1qrfe-1c22bd7c76e80ac09947a124bd557d64 av_one_full  avia-builder-el-0  el_before_av_one_fourth  avia-builder-el-first  first flex_column_div av-zero-column-padding  '     ><p><div  class='avia-slideshow av-jyqy0yj5-8a209049bc2b9b758d4c1a1dee2d2b89 avia-slideshow-magazine av_slideshow avia-slide-slider  avia-builder-el-1  el_before_av_heading  avia-builder-el-first  av-slideshow-ui av-control-default av-slideshow-autoplay av-loop-endless av-loop-manual-endless av-default-height-applied avia-slideshow-1' data-slideshow-options=\"{&quot;animation&quot;:&quot;slide&quot;,&quot;autoplay&quot;:true,&quot;loop_autoplay&quot;:&quot;endless&quot;,&quot;interval&quot;:2,&quot;loop_manual&quot;:&quot;manual-endless&quot;,&quot;autoplay_stopper&quot;:false,&quot;noNavigation&quot;:false,&quot;bg_slider&quot;:false,&quot;keep_padding&quot;:false,&quot;hoverpause&quot;:false,&quot;show_slide_delay&quot;:0}\"  itemprop=\"image\" itemscope=\"itemscope\" itemtype=\"https:\/\/schema.org\/ImageObject\" ><ul class='avia-slideshow-inner ' style='padding-bottom: 52.816901408451%;'><li  class='avia-slideshow-slide av-jyqy0yj5-8a209049bc2b9b758d4c1a1dee2d2b89__0  slide-1 slide-odd'><div data-rel='slideshow-1' class='avia-slide-wrap '   ><img decoding=\"async\" fetchpriority=\"high\" class=\"wp-image-278 avia-img-lazy-loading-not-278\"  src=\"https:\/\/truvakalip.com.tr\/wp-content\/uploads\/2019\/07\/Truva619-094-2-710x375.jpg\" width=\"710\" height=\"375\" title='Truva Kal\u0131p A\u015e' alt=''  itemprop=\"thumbnailUrl\"   \/><\/div><\/li><li  class='avia-slideshow-slide av-jyqy0yj5-8a209049bc2b9b758d4c1a1dee2d2b89__1  slide-2 slide-even'><div data-rel='slideshow-1' class='avia-slide-wrap '   ><img decoding=\"async\" fetchpriority=\"high\" class=\"wp-image-126 avia-img-lazy-loading-not-126\"  src=\"https:\/\/truvakalip.com.tr\/wp-content\/uploads\/2019\/07\/Truva519-116-710x375.jpg\" width=\"710\" height=\"375\" title='Truva519-116' alt=''  itemprop=\"thumbnailUrl\"   \/><\/div><\/li><li  class='avia-slideshow-slide av-jyqy0yj5-8a209049bc2b9b758d4c1a1dee2d2b89__2  slide-3 slide-odd'><div data-rel='slideshow-1' class='avia-slide-wrap '   ><img decoding=\"async\" fetchpriority=\"high\" class=\"wp-image-125 avia-img-lazy-loading-not-125\"  src=\"https:\/\/truvakalip.com.tr\/wp-content\/uploads\/2019\/07\/Truva519-094-710x375.jpg\" width=\"710\" height=\"375\" title='Truva Kal\u0131p A\u015e' alt='Truva Kal\u0131p A\u015e'  itemprop=\"thumbnailUrl\"   \/><\/div><\/li><li  class='avia-slideshow-slide av-jyqy0yj5-8a209049bc2b9b758d4c1a1dee2d2b89__3  slide-4 slide-even'><div data-rel='slideshow-1' class='avia-slide-wrap '   ><img decoding=\"async\" fetchpriority=\"high\" class=\"wp-image-124 avia-img-lazy-loading-not-124\"  src=\"https:\/\/truvakalip.com.tr\/wp-content\/uploads\/2019\/07\/Truva519-091-710x375.jpg\" width=\"710\" height=\"375\" title='Truva Kal\u0131p A\u015e' alt=''  itemprop=\"thumbnailUrl\"   \/><\/div><\/li><li  class='avia-slideshow-slide av-jyqy0yj5-8a209049bc2b9b758d4c1a1dee2d2b89__4  slide-5 slide-odd'><div data-rel='slideshow-1' class='avia-slide-wrap '   ><img decoding=\"async\" fetchpriority=\"high\" class=\"wp-image-123 avia-img-lazy-loading-not-123\"  src=\"https:\/\/truvakalip.com.tr\/wp-content\/uploads\/2019\/07\/Truva519-003-1-710x375.jpg\" width=\"710\" height=\"375\" title='Truva Kal\u0131p A\u015e' alt='Truva Kal\u0131p A\u015e'  itemprop=\"thumbnailUrl\"   \/><\/div><\/li><\/ul><div class='avia-slideshow-arrows avia-slideshow-controls' ><a href='#prev' class='prev-slide  avia-svg-icon avia-font-svg_entypo-fontello' data-av_svg_icon='left-open-big' data-av_iconset='svg_entypo-fontello' tabindex='-1' title=\"Previous\"><svg version=\"1.1\" xmlns=\"http:\/\/www.w3.org\/2000\/svg\" width=\"15\" height=\"32\" viewBox=\"0 0 15 32\" preserveAspectRatio=\"xMidYMid meet\" aria-labelledby='av-svg-title-1' aria-describedby='av-svg-desc-1' role=\"graphics-symbol\" aria-hidden=\"true\">\n<title id='av-svg-title-1'>Previous<\/title>\n<desc id='av-svg-desc-1'>Previous<\/desc>\n<path d=\"M14.464 27.84q0.832 0.832 0 1.536-0.832 0.832-1.536 0l-12.544-12.608q-0.768-0.768 0-1.6l12.544-12.608q0.704-0.832 1.536 0 0.832 0.704 0 1.536l-11.456 11.904z\"><\/path>\n<\/svg><span class='avia_hidden_link_text'>Previous<\/span><\/a><a href='#next' class='next-slide  avia-svg-icon avia-font-svg_entypo-fontello' data-av_svg_icon='right-open-big' data-av_iconset='svg_entypo-fontello' tabindex='-1' title=\"Next\"><svg version=\"1.1\" xmlns=\"http:\/\/www.w3.org\/2000\/svg\" width=\"15\" height=\"32\" viewBox=\"0 0 15 32\" preserveAspectRatio=\"xMidYMid meet\" aria-labelledby='av-svg-title-2' aria-describedby='av-svg-desc-2' role=\"graphics-symbol\" aria-hidden=\"true\">\n<title id='av-svg-title-2'>Next<\/title>\n<desc id='av-svg-desc-2'>Next<\/desc>\n<path d=\"M0.416 27.84l11.456-11.84-11.456-11.904q-0.832-0.832 0-1.536 0.832-0.832 1.536 0l12.544 12.608q0.768 0.832 0 1.6l-12.544 12.608q-0.704 0.832-1.536 0-0.832-0.704 0-1.536z\"><\/path>\n<\/svg><span class='avia_hidden_link_text'>Next<\/span><\/a><\/div><div class='avia-slideshow-dots avia-slideshow-controls'><a href='#1' class='goto-slide active' >1<\/a><a href='#2' class='goto-slide ' >2<\/a><a href='#3' class='goto-slide ' >3<\/a><a href='#4' class='goto-slide ' >4<\/a><a href='#5' class='goto-slide ' >5<\/a><\/div><\/div><br \/>\n\n<style type=\"text\/css\" data-created_by=\"avia_inline_auto\" id=\"style-css-av-jz6rwnmy-c13fd59ce981ea5f7656f4ea1f8f3cc3\">\n#top .av-special-heading.av-jz6rwnmy-c13fd59ce981ea5f7656f4ea1f8f3cc3{\npadding-bottom:10px;\ncolor:#f28546;\n}\nbody .av-special-heading.av-jz6rwnmy-c13fd59ce981ea5f7656f4ea1f8f3cc3 .av-special-heading-tag .heading-char{\nfont-size:25px;\n}\n.av-special-heading.av-jz6rwnmy-c13fd59ce981ea5f7656f4ea1f8f3cc3 .special-heading-inner-border{\nborder-color:#f28546;\n}\n.av-special-heading.av-jz6rwnmy-c13fd59ce981ea5f7656f4ea1f8f3cc3 .av-subheading{\nfont-size:15px;\n}\n<\/style>\n<div  class='av-special-heading av-jz6rwnmy-c13fd59ce981ea5f7656f4ea1f8f3cc3 av-special-heading-h3 custom-color-heading  avia-builder-el-2  el_after_av_slideshow  el_before_av_textblock '><h3 class='av-special-heading-tag '  itemprop=\"headline\"  >Truva is always your strong and reliable partner.<\/h3><div class=\"special-heading-border\"><div class=\"special-heading-inner-border\"><\/div><\/div><\/div><br \/>\n\n<style type=\"text\/css\" data-created_by=\"avia_inline_auto\" id=\"style-css-av-jyq3mlcx-f8469dfb584696c341d4fd5f1bf48694\">\n#top .av_textblock_section.av-jyq3mlcx-f8469dfb584696c341d4fd5f1bf48694 .avia_textblock{\nfont-size:15px;\n}\n<\/style>\n<section  class='av_textblock_section av-jyq3mlcx-f8469dfb584696c341d4fd5f1bf48694 '   itemscope=\"itemscope\" itemtype=\"https:\/\/schema.org\/CreativeWork\" ><div class='avia_textblock'  itemprop=\"text\" ><p>Truva offers its customers world-class production solutions with its modern facility, strong machinery line and experienced staff.<\/p>\n<p>Truva has powerfull machine park in EDM, Milling,Turning Center,Pres and Measurement Technologies and has experience to achivie succesfull results in hard production proceses. Truva meets the demands of tools and parts production in many sectors espeacially Automative, White Appliance, Defence and Aerospace.<\/p>\n<p>With a strong machine line in EDM, milling, lathe, press and measuring technologies, our plant has production experience to successfully complete demanding production processes.<\/p>\n<p>Truva meets the demands of many industries, especially automotive, white goods, defence and aviation, for the production of molds and parts.<\/p>\n<p>Truva is always your strong and reliable partner.<\/p>\n<p><strong>History<\/strong><\/p>\n<p><strong>2006<\/strong> Established in Istanbul<br \/>\n<strong>2009<\/strong> Made investment to Eskisehir according to it\u2019s future strategy; started to activities with a 2.000 m2 building.<br \/>\n<strong>2019<\/strong> Enlarged the building 3.500 m2 and goes on activities<br \/>\n<strong>2021<\/strong> Will go on activities in new building with a 12,000m2<\/p>\n<p><strong>Capacity<\/strong><\/p>\n<p><strong>Capacity:<\/strong> 75.000 H\/Y<br \/>\n<strong>Total Capacity:<\/strong> (With Suppliers) 100.000 H\/Y<br \/>\n<strong>Employee <\/strong>: 51<br \/>\n11 White Collar &#8211; 40 Blue Collar<br \/>\n<strong>Production Area <\/strong>: 3.500 m<sup>2<\/sup><\/p>\n<\/div><\/section><\/p><\/div>\n\n<style type=\"text\/css\" data-created_by=\"avia_inline_auto\" id=\"style-css-av-jyqy6evg-25f76b14a3742d815793f0fecda7189b\">\n@keyframes av_boxShadowEffect_av-jyqy6evg-25f76b14a3742d815793f0fecda7189b-column {\n0%   { box-shadow:  0 0 0 0 ; opacity: 1; }\n100% { box-shadow:  0 0 10px 0 ; opacity: 1; }\n}\n.flex_column.av-jyqy6evg-25f76b14a3742d815793f0fecda7189b{\nborder-radius:0px 0px 0px 0px;\npadding:0px 0px 0px 0px;\n}\n<\/style>\n<div  class='flex_column av-jyqy6evg-25f76b14a3742d815793f0fecda7189b av_one_fourth  avia-builder-el-4  el_after_av_one_full  el_before_av_one_fourth  first flex_column_div av-zero-column-padding  column-top-margin'     ><div  class=\"avia-animated-number av-jyqxsu4z-b819998404088527f428d18cefe16d0c av-force-default-color avia_animate_when_visible  avia-builder-el-5  avia-builder-el-no-sibling  \" data-timer=\"3000\"><strong class=\"heading avia-animated-number-title\"><span class='avia-animated-number-icon av-icon-before-number av-icon-char avia-iconfont avia-font-entypo-fontello' data-av_icon='\ue862' data-av_iconfont='entypo-fontello' ><\/span><span class=\"avia-single-number __av-single-number\" data-number_format=\"\" data-number=\"75\" data-start_from=\"0\">75<\/span><span class=\"avia-no-number\">,<\/span><span class=\"avia-single-number __av-single-number\" data-number_format=\"\" data-number=\"000\" data-start_from=\"0\">000<\/span><\/strong><div class=\"avia-animated-number-content\"><p>CAPACITY<\/p>\n<\/div><\/div><\/div>\n\n<style type=\"text\/css\" data-created_by=\"avia_inline_auto\" id=\"style-css-av-jyqy6p0e-5a70b75f3cfc31abbae09d9b04489dbf\">\n@keyframes av_boxShadowEffect_av-jyqy6p0e-5a70b75f3cfc31abbae09d9b04489dbf-column {\n0%   { box-shadow:  0 0 0 0 ; opacity: 1; }\n100% { box-shadow:  0 0 10px 0 ; opacity: 1; }\n}\n.flex_column.av-jyqy6p0e-5a70b75f3cfc31abbae09d9b04489dbf{\nborder-radius:0px 0px 0px 0px;\npadding:0px 0px 0px 0px;\n}\n<\/style>\n<div  class='flex_column av-jyqy6p0e-5a70b75f3cfc31abbae09d9b04489dbf av_one_fourth  avia-builder-el-6  el_after_av_one_fourth  el_before_av_one_fourth  flex_column_div av-zero-column-padding  column-top-margin'     ><div  class=\"avia-animated-number av-jyqxv5h5-022c180a3ccdd386969431dd9143d6ea av-force-default-color avia_animate_when_visible  avia-builder-el-7  avia-builder-el-no-sibling  \" data-timer=\"3000\"><strong class=\"heading avia-animated-number-title\"><span class='avia-animated-number-icon av-icon-before-number av-icon-char avia-iconfont avia-font-entypo-fontello' data-av_icon='\ue862' data-av_iconfont='entypo-fontello' ><\/span><span class=\"avia-single-number __av-single-number\" data-number_format=\"\" data-number=\"100\" data-start_from=\"0\">100<\/span><span class=\"avia-no-number\">,<\/span><span class=\"avia-single-number __av-single-number\" data-number_format=\"\" data-number=\"000\" data-start_from=\"0\">000<\/span><\/strong><div class=\"avia-animated-number-content\"><p>TOTAL CAPACITY (WITH SUPPLIERS)<\/p>\n<\/div><\/div><\/div>\n\n<style type=\"text\/css\" data-created_by=\"avia_inline_auto\" id=\"style-css-av-jyqy6vql-413e3ffffb2e48946291e086230d98c2\">\n@keyframes av_boxShadowEffect_av-jyqy6vql-413e3ffffb2e48946291e086230d98c2-column {\n0%   { box-shadow:  0 0 0 0 ; opacity: 1; }\n100% { box-shadow:  0 0 10px 0 ; opacity: 1; }\n}\n.flex_column.av-jyqy6vql-413e3ffffb2e48946291e086230d98c2{\nborder-radius:0px 0px 0px 0px;\npadding:0px 0px 0px 0px;\n}\n<\/style>\n<div  class='flex_column av-jyqy6vql-413e3ffffb2e48946291e086230d98c2 av_one_fourth  avia-builder-el-8  el_after_av_one_fourth  el_before_av_one_fourth  flex_column_div av-zero-column-padding  column-top-margin'     ><div  class=\"avia-animated-number av-jyqxwzjd-5d82a01bcbacfc48686f9d38120c12a6 av-force-default-color avia_animate_when_visible  avia-builder-el-9  avia-builder-el-no-sibling  \" data-timer=\"3000\"><strong class=\"heading avia-animated-number-title\"><span class='avia-animated-number-icon av-icon-before-number av-icon-char avia-iconfont avia-font-entypo-fontello' data-av_icon='\ue80b' data-av_iconfont='entypo-fontello' ><\/span><span class=\"avia-single-number __av-single-number\" data-number_format=\"\" data-number=\"70\" data-start_from=\"0\">70<\/span><\/strong><div class=\"avia-animated-number-content\"><p>EMPLOYEE<br \/>\n15 White Collar 55 Blue Collar<\/p>\n<\/div><\/div><\/div>\n<style type=\"text\/css\" data-created_by=\"avia_inline_auto\" id=\"style-css-av-jyqy707k-33900e7a02bc79301e7052310d28cb9f\">\n@keyframes av_boxShadowEffect_av-jyqy707k-33900e7a02bc79301e7052310d28cb9f-column {\n0%   { box-shadow:  0 0 0 0 ; opacity: 1; }\n100% { box-shadow:  0 0 10px 0 ; opacity: 1; }\n}\n.flex_column.av-jyqy707k-33900e7a02bc79301e7052310d28cb9f{\nborder-radius:0px 0px 0px 0px;\npadding:0px 0px 0px 0px;\n}\n<\/style>\n<div  class='flex_column av-jyqy707k-33900e7a02bc79301e7052310d28cb9f av_one_fourth  avia-builder-el-10  el_after_av_one_fourth  avia-builder-el-last  flex_column_div av-zero-column-padding  column-top-margin'     ><div  class=\"avia-animated-number av-jyqxyhfi-1e0a793407c14703ff39beebb13766f7 av-force-default-color avia_animate_when_visible  avia-builder-el-11  avia-builder-el-no-sibling  \" data-timer=\"3000\"><strong class=\"heading avia-animated-number-title\"><span class='avia-animated-number-icon av-icon-before-number av-icon-char avia-iconfont avia-font-entypo-fontello' data-av_icon='\ue821' data-av_iconfont='entypo-fontello' ><\/span><span class=\"avia-single-number __av-single-number\" data-number_format=\"\" data-number=\"3\" data-start_from=\"0\">3<\/span><span class=\"avia-no-number\">,<\/span><span class=\"avia-single-number __av-single-number\" data-number_format=\"\" data-number=\"500\" data-start_from=\"0\">500<\/span><\/strong><div class=\"avia-animated-number-content\"><p>PRODUCTION AREA\/m2<\/p>\n<\/div><\/div><\/div><\/p>\n","protected":false},"excerpt":{"rendered":"","protected":false},"author":1,"featured_media":0,"parent":0,"menu_order":2,"comment_status":"closed","ping_status":"closed","template":"","meta":{"footnotes":""},"class_list":["post-477","page","type-page","status-publish","hentry"],"_links":{"self":[{"href":"https:\/\/truvakalip.com.tr\/en\/wp-json\/wp\/v2\/pages\/477","targetHints":{"allow":["GET"]}}],"collection":[{"href":"https:\/\/truvakalip.com.tr\/en\/wp-json\/wp\/v2\/pages"}],"about":[{"href":"https:\/\/truvakalip.com.tr\/en\/wp-json\/wp\/v2\/types\/page"}],"author":[{"embeddable":true,"href":"https:\/\/truvakalip.com.tr\/en\/wp-json\/wp\/v2\/users\/1"}],"replies":[{"embeddable":true,"href":"https:\/\/truvakalip.com.tr\/en\/wp-json\/wp\/v2\/comments?post=477"}],"version-history":[{"count":10,"href":"https:\/\/truvakalip.com.tr\/en\/wp-json\/wp\/v2\/pages\/477\/revisions"}],"predecessor-version":[{"id":667,"href":"https:\/\/truvakalip.com.tr\/en\/wp-json\/wp\/v2\/pages\/477\/revisions\/667"}],"wp:attachment":[{"href":"https:\/\/truvakalip.com.tr\/en\/wp-json\/wp\/v2\/media?parent=477"}],"curies":[{"name":"wp","href":"https:\/\/api.w.org\/{rel}","templated":true}]}}